{"id":41,"date":"2016-12-02T15:02:18","date_gmt":"2016-12-02T15:02:18","guid":{"rendered":"https:\/\/ciadostacografos.com.br\/?page_id=41"},"modified":"2023-04-04T17:28:24","modified_gmt":"2023-04-04T17:28:24","slug":"servicos","status":"publish","type":"page","link":"https:\/\/ciadostacografos.com.br\/index.php\/servicos\/","title":{"rendered":"Servi\u00e7os"},"content":{"rendered":"<section class=\"wpb-content-wrapper\"><div data-vc-full-width=\"true\" data-vc-full-width-init=\"false\" data-vc-stretch-content=\"true\" class=\"vc_row wpb_row vc_row-fluid vc_custom_1481289493180 vc_row-has-fill vc_row-no-padding\"><div class=\"wpb_column vc_column_container vc_col-sm-12 sc_layouts_column_icons_position_left\"><div class=\"vc_column-inner\"><div class=\"wpb_wrapper\"><div id=\"sc_content_764376710\"\r\n\t\tclass=\"sc_content sc_content_default sc_content_width_1_1\"><div class=\"sc_content_container\"><div class=\"vc_empty_space\"   style=\"height: 2.3em\"><span class=\"vc_empty_space_inner\"><\/span><\/div><h2 style=\"text-align: center\" class=\"vc_custom_heading\" >Servi\u00e7os<\/h2>\n\t<div class=\"wpb_text_column wpb_content_element \" >\n\t\t<div class=\"wpb_wrapper\">\n\t\t\t<p>A Cia dos Tac\u00f3grafos iniciou suas atividades em 2010 como Posto Autorizado VDO e credenciado Inmetro apenas realizando regulariza\u00e7\u00e3o de Cronotac\u00f3grafos. Nos \u00faltimos anos a empresa investe em um projeto de inova\u00e7\u00e3o para gest\u00e3o de frota, realizando e testando novos servi\u00e7os e produtos do segmento de caminh\u00f5es. Al\u00e9m disso, realiza investimentos constantes em busca de atualiza\u00e7\u00f5es em inova\u00e7\u00e3o para solu\u00e7\u00f5es de problemas no segmento do transporte. Estamos sempre buscando novos produtos e cursos para a evolu\u00e7\u00e3o e aprimoramento da gest\u00e3o interna e atendimento dos nossos clientes.<\/p>\n\n\t\t<\/div>\n\t<\/div>\n<div class=\"vc_empty_space  hide_on_mobile\"   style=\"height: 5em\"><span class=\"vc_empty_space_inner\"><\/span><\/div><div class=\"sc_services sc_services_default\" data-slides-per-view=\"4\" data-slides-min-width=\"200\"\t\t>\r\n\t\t<div class=\"sc_item_descr sc_services_descr sc_align_default\">SERVI\u00c7OS COM QUALIDADE E TRANSPAR\u00caNCIA!<\/div><div class=\"sc_services_columns sc_item_columns sc_item_columns_4 trx_addons_columns_wrap columns_padding_bottom\"><div class=\"trx_addons_column-1_4\"><div class=\"sc_services_item with_icon sc_services_item_featured_top\">\n\t<a href=\"https:\/\/ciadostacografos.com.br\/index.php\/services\/cronotacografos\/\"\n\t\t\t id=\"sc_services_1404842963_icon-delivery-delay\"\n\t\t\t class=\"sc_services_item_icon icon-delivery-delay\"\n\t\t\t ><\/a>\t\n\t<div class=\"sc_services_item_info\">\n\t\t<div class=\"sc_services_item_header\">\n\t\t\t<h4 class=\"sc_services_item_title\"><a href=\"https:\/\/ciadostacografos.com.br\/index.php\/services\/cronotacografos\/\">Cronotac\u00f3grafos \/ INMETRO<\/a><\/h4>\n\t\t\t<div class=\"sc_services_item_subtitle\"><a href=\"https:\/\/ciadostacografos.com.br\/index.php\/services_group\/servicos\/\" title=\"View all posts in Servi\u00e7os\">Servi\u00e7os<\/a><\/div>\n\t\t<\/div>\n\t\t\t\t\t<div class=\"sc_services_item_content\"><p>Clique e saiba mais!<\/p>\n<\/div>\n\t\t\t<div class=\"sc_services_item_button sc_item_button\"><a href=\"https:\/\/ciadostacografos.com.br\/index.php\/services\/cronotacografos\/\" class=\"sc_button sc_button_simple\"><\/a><\/div>\n\t\t\t<\/div>\n<\/div>\n<\/div><div class=\"trx_addons_column-1_4\"><div class=\"sc_services_item with_icon sc_services_item_featured_top\">\n\t<a href=\"https:\/\/ciadostacografos.com.br\/index.php\/services\/gestao-de-frota\/\"\n\t\t\t id=\"sc_services_1404842963_icon-map\"\n\t\t\t class=\"sc_services_item_icon icon-map\"\n\t\t\t ><\/a>\t\n\t<div class=\"sc_services_item_info\">\n\t\t<div class=\"sc_services_item_header\">\n\t\t\t<h4 class=\"sc_services_item_title\"><a href=\"https:\/\/ciadostacografos.com.br\/index.php\/services\/gestao-de-frota\/\">Gest\u00e3o de FROTA<\/a><\/h4>\n\t\t\t<div class=\"sc_services_item_subtitle\"><a href=\"https:\/\/ciadostacografos.com.br\/index.php\/services_group\/servicos\/\" title=\"View all posts in Servi\u00e7os\">Servi\u00e7os<\/a><\/div>\n\t\t<\/div>\n\t\t\t\t\t<div class=\"sc_services_item_content\"><p>Clique e saiba mais!<\/p>\n<\/div>\n\t\t\t<div class=\"sc_services_item_button sc_item_button\"><a href=\"https:\/\/ciadostacografos.com.br\/index.php\/services\/gestao-de-frota\/\" class=\"sc_button sc_button_simple\"><\/a><\/div>\n\t\t\t<\/div>\n<\/div>\n<\/div><div class=\"trx_addons_column-1_4\"><div class=\"sc_services_item with_icon sc_services_item_featured_top\">\n\t<a href=\"https:\/\/ciadostacografos.com.br\/index.php\/services\/manutencao-de-paineis-e-modulos-automativos\/\"\n\t\t\t id=\"sc_services_1404842963_icon-search-worldwide\"\n\t\t\t class=\"sc_services_item_icon icon-search-worldwide\"\n\t\t\t ><\/a>\t\n\t<div class=\"sc_services_item_info\">\n\t\t<div class=\"sc_services_item_header\">\n\t\t\t<h4 class=\"sc_services_item_title\"><a href=\"https:\/\/ciadostacografos.com.br\/index.php\/services\/manutencao-de-paineis-e-modulos-automativos\/\">Manuten\u00e7\u00e3o de Pain\u00e9is e M\u00f3dulos Automotivos<\/a><\/h4>\n\t\t\t<div class=\"sc_services_item_subtitle\"><a href=\"https:\/\/ciadostacografos.com.br\/index.php\/services_group\/servicos\/\" title=\"View all posts in Servi\u00e7os\">Servi\u00e7os<\/a><\/div>\n\t\t<\/div>\n\t\t\t\t\t<div class=\"sc_services_item_content\"><p>Clique e saiba mais!<\/p>\n<\/div>\n\t\t\t<div class=\"sc_services_item_button sc_item_button\"><a href=\"https:\/\/ciadostacografos.com.br\/index.php\/services\/manutencao-de-paineis-e-modulos-automativos\/\" class=\"sc_button sc_button_simple\"><\/a><\/div>\n\t\t\t<\/div>\n<\/div>\n<\/div><div class=\"trx_addons_column-1_4\"><div class=\"sc_services_item with_icon sc_services_item_featured_top\">\n\t<a href=\"https:\/\/ciadostacografos.com.br\/index.php\/services\/moving-services\/\"\n\t\t\t id=\"sc_services_1404842963_icon-truck\"\n\t\t\t class=\"sc_services_item_icon icon-truck\"\n\t\t\t ><\/a>\t\n\t<div class=\"sc_services_item_info\">\n\t\t<div class=\"sc_services_item_header\">\n\t\t\t<h4 class=\"sc_services_item_title\"><a href=\"https:\/\/ciadostacografos.com.br\/index.php\/services\/moving-services\/\">Truck Tag &#8211; Marca\u00e7\u00e3o Ve\u00edcular<\/a><\/h4>\n\t\t\t<div class=\"sc_services_item_subtitle\"><a href=\"https:\/\/ciadostacografos.com.br\/index.php\/services_group\/servicos\/\" title=\"View all posts in Servi\u00e7os\">Servi\u00e7os<\/a><\/div>\n\t\t<\/div>\n\t\t\t\t\t<div class=\"sc_services_item_content\"><p>Clique e saiba mais!<\/p>\n<\/div>\n\t\t\t<div class=\"sc_services_item_button sc_item_button\"><a href=\"https:\/\/ciadostacografos.com.br\/index.php\/services\/moving-services\/\" class=\"sc_button sc_button_simple\"><\/a><\/div>\n\t\t\t<\/div>\n<\/div>\n<\/div><\/div><\/div><!-- \/.sc_services --><div class=\"vc_empty_space\"   style=\"height: 2.2em\"><span class=\"vc_empty_space_inner\"><\/span><\/div><div class=\"vc_empty_space  hide_on_mobile\"   style=\"height: 4em\"><span class=\"vc_empty_space_inner\"><\/span><\/div><\/div><\/div><!-- \/.sc_content --><\/div><\/div><\/div><\/div><div class=\"vc_row-full-width vc_clearfix\"><\/div><div data-vc-full-width=\"true\" data-vc-full-width-init=\"false\" data-vc-stretch-content=\"true\" class=\"vc_row wpb_row vc_row-fluid vc_custom_1680628986427 vc_row-has-fill vc_row-no-padding\"><div class=\"wpb_column vc_column_container vc_col-sm-12 sc_layouts_column_icons_position_left\"><div class=\"vc_column-inner\"><div class=\"wpb_wrapper\"><div id=\"sc_content_359212000\"\r\n\t\tclass=\"sc_content sc_content_default sc_content_width_1_1\"><div class=\"sc_content_container\"><div class=\"vc_empty_space\"   style=\"height: 2.3em\"><span class=\"vc_empty_space_inner\"><\/span><\/div><div class=\"vc_empty_space  hide_on_mobile\"   style=\"height: 6.35em\"><span class=\"vc_empty_space_inner\"><\/span><\/div><h1 style=\"color: #ffffff;text-align: center\" class=\"vc_custom_heading vc_custom_1679079002919\" >As melhores taxas e condi\u00e7\u00f5es de pagamento para voc\u00ea!<\/h1><div class=\"vc_empty_space\"   style=\"height: 2.3em\"><span class=\"vc_empty_space_inner\"><\/span><\/div><div class=\"vc_btn3-container vc_btn3-center\" ><a class=\"vc_general vc_btn3 vc_btn3-size-md vc_btn3-shape-rounded vc_btn3-style-modern vc_btn3-color-default\" href=\"https:\/\/ciadostacografos.com.br\/index.php\/contato\/\" title=\"Contato\">Fale Conosco<\/a><\/div><div class=\"vc_empty_space\"   style=\"height: 3.3em\"><span class=\"vc_empty_space_inner\"><\/span><\/div><div class=\"vc_empty_space\"   style=\"height: 2em\"><span class=\"vc_empty_space_inner\"><\/span><\/div><div class=\"vc_empty_space  hide_on_mobile\"   style=\"height: 5em\"><span class=\"vc_empty_space_inner\"><\/span><\/div><\/div><\/div><!-- \/.sc_content --><\/div><\/div><\/div><\/div><div class=\"vc_row-full-width vc_clearfix\"><\/div>\n<\/section>","protected":false},"excerpt":{"rendered":"A Truck Tag \u00e9 uma marca criada e registrada pela empresa Cia dos Tac\u00f3grafos para os servi\u00e7os de marca\u00e7\u00e3o veicular. A marca\u00e7\u00e3o veicular s\u00e3o grava\u00e7\u00f5es realizadas atrav\u00e9s de uma m\u00e1quina de micro pun\u00e7\u00e3o computadorizada, com profundidade de 0,3 a 0,5mm.&hellip;","protected":false},"author":1,"featured_media":0,"parent":0,"menu_order":0,"comment_status":"closed","ping_status":"closed","template":"","meta":{"footnotes":""},"class_list":["post-41","page","type-page","status-publish","hentry"],"yoast_head":"<!-- This site is optimized with the Yoast SEO plugin v23.2 - https:\/\/yoast.com\/wordpress\/plugins\/seo\/ -->\n<title>Servi\u00e7os - Cia dos Tac\u00f3grafos<\/title>\n<meta name=\"description\" content=\"Cia dos Tac\u00f3grafos - As melhores taxas e condi\u00e7\u00f5es de pagamento! Entre em contato conosco e solicite o seu or\u00e7amento: (51) 99970-2034\" \/>\n<meta name=\"robots\" content=\"index, follow, max-snippet:-1, max-image-preview:large, max-video-preview:-1\" \/>\n<link rel=\"canonical\" href=\"https:\/\/ciadostacografos.com.br\/index.php\/servicos\/\" \/>\n<meta property=\"og:locale\" content=\"pt_BR\" \/>\n<meta property=\"og:type\" content=\"article\" \/>\n<meta property=\"og:title\" content=\"Servi\u00e7os - Cia dos Tac\u00f3grafos\" \/>\n<meta property=\"og:description\" content=\"Cia dos Tac\u00f3grafos - As melhores taxas e condi\u00e7\u00f5es de pagamento! Entre em contato conosco e solicite o seu or\u00e7amento: (51) 99970-2034\" \/>\n<meta property=\"og:url\" content=\"https:\/\/ciadostacografos.com.br\/index.php\/servicos\/\" \/>\n<meta property=\"og:site_name\" content=\"Cia dos Tac\u00f3grafos\" \/>\n<meta property=\"article:publisher\" content=\"https:\/\/www.facebook.com\/ciadostacografos\/\" \/>\n<meta property=\"article:modified_time\" content=\"2023-04-04T17:28:24+00:00\" \/>\n<meta name=\"twitter:card\" content=\"summary_large_image\" \/>\n<meta name=\"twitter:label1\" content=\"Est. tempo de leitura\" \/>\n\t<meta name=\"twitter:data1\" content=\"2 minutos\" \/>\n<script type=\"application\/ld+json\" class=\"yoast-schema-graph\">{\"@context\":\"https:\/\/schema.org\",\"@graph\":[{\"@type\":\"WebPage\",\"@id\":\"https:\/\/ciadostacografos.com.br\/index.php\/servicos\/\",\"url\":\"https:\/\/ciadostacografos.com.br\/index.php\/servicos\/\",\"name\":\"Servi\u00e7os - Cia dos Tac\u00f3grafos\",\"isPartOf\":{\"@id\":\"https:\/\/ciadostacografos.com.br\/#website\"},\"datePublished\":\"2016-12-02T15:02:18+00:00\",\"dateModified\":\"2023-04-04T17:28:24+00:00\",\"description\":\"Cia dos Tac\u00f3grafos - As melhores taxas e condi\u00e7\u00f5es de pagamento! Entre em contato conosco e solicite o seu or\u00e7amento: (51) 99970-2034\",\"breadcrumb\":{\"@id\":\"https:\/\/ciadostacografos.com.br\/index.php\/servicos\/#breadcrumb\"},\"inLanguage\":\"pt-BR\",\"potentialAction\":[{\"@type\":\"ReadAction\",\"target\":[\"https:\/\/ciadostacografos.com.br\/index.php\/servicos\/\"]}]},{\"@type\":\"BreadcrumbList\",\"@id\":\"https:\/\/ciadostacografos.com.br\/index.php\/servicos\/#breadcrumb\",\"itemListElement\":[{\"@type\":\"ListItem\",\"position\":1,\"name\":\"In\u00edcio\",\"item\":\"https:\/\/ciadostacografos.com.br\/\"},{\"@type\":\"ListItem\",\"position\":2,\"name\":\"Servi\u00e7os\"}]},{\"@type\":\"WebSite\",\"@id\":\"https:\/\/ciadostacografos.com.br\/#website\",\"url\":\"https:\/\/ciadostacografos.com.br\/\",\"name\":\"Cia dos Tac\u00f3grafos\",\"description\":\"(51) 3041-5138 - (51) 99970-2034\",\"publisher\":{\"@id\":\"https:\/\/ciadostacografos.com.br\/#organization\"},\"potentialAction\":[{\"@type\":\"SearchAction\",\"target\":{\"@type\":\"EntryPoint\",\"urlTemplate\":\"https:\/\/ciadostacografos.com.br\/?s={search_term_string}\"},\"query-input\":\"required name=search_term_string\"}],\"inLanguage\":\"pt-BR\"},{\"@type\":\"Organization\",\"@id\":\"https:\/\/ciadostacografos.com.br\/#organization\",\"name\":\"Cia dos Tac\u00f3grafos\",\"url\":\"https:\/\/ciadostacografos.com.br\/\",\"logo\":{\"@type\":\"ImageObject\",\"inLanguage\":\"pt-BR\",\"@id\":\"https:\/\/ciadostacografos.com.br\/#\/schema\/logo\/image\/\",\"url\":\"https:\/\/ciadostacografos.com.br\/wp-content\/uploads\/2023\/02\/395950_6a7581b2c366420c9237700be4618651_mv2.webp\",\"contentUrl\":\"https:\/\/ciadostacografos.com.br\/wp-content\/uploads\/2023\/02\/395950_6a7581b2c366420c9237700be4618651_mv2.webp\",\"width\":518,\"height\":108,\"caption\":\"Cia dos Tac\u00f3grafos\"},\"image\":{\"@id\":\"https:\/\/ciadostacografos.com.br\/#\/schema\/logo\/image\/\"},\"sameAs\":[\"https:\/\/www.facebook.com\/ciadostacografos\/\",\"https:\/\/www.instagram.com\/ciadostacografos\/?hl=pt-br\"]}]}<\/script>\n<!-- \/ Yoast SEO plugin. -->","yoast_head_json":{"title":"Servi\u00e7os - Cia dos Tac\u00f3grafos","description":"Cia dos Tac\u00f3grafos - As melhores taxas e condi\u00e7\u00f5es de pagamento! Entre em contato conosco e solicite o seu or\u00e7amento: (51) 99970-2034","robots":{"index":"index","follow":"follow","max-snippet":"max-snippet:-1","max-image-preview":"max-image-preview:large","max-video-preview":"max-video-preview:-1"},"canonical":"https:\/\/ciadostacografos.com.br\/index.php\/servicos\/","og_locale":"pt_BR","og_type":"article","og_title":"Servi\u00e7os - Cia dos Tac\u00f3grafos","og_description":"Cia dos Tac\u00f3grafos - As melhores taxas e condi\u00e7\u00f5es de pagamento! Entre em contato conosco e solicite o seu or\u00e7amento: (51) 99970-2034","og_url":"https:\/\/ciadostacografos.com.br\/index.php\/servicos\/","og_site_name":"Cia dos Tac\u00f3grafos","article_publisher":"https:\/\/www.facebook.com\/ciadostacografos\/","article_modified_time":"2023-04-04T17:28:24+00:00","twitter_card":"summary_large_image","twitter_misc":{"Est. tempo de leitura":"2 minutos"},"schema":{"@context":"https:\/\/schema.org","@graph":[{"@type":"WebPage","@id":"https:\/\/ciadostacografos.com.br\/index.php\/servicos\/","url":"https:\/\/ciadostacografos.com.br\/index.php\/servicos\/","name":"Servi\u00e7os - Cia dos Tac\u00f3grafos","isPartOf":{"@id":"https:\/\/ciadostacografos.com.br\/#website"},"datePublished":"2016-12-02T15:02:18+00:00","dateModified":"2023-04-04T17:28:24+00:00","description":"Cia dos Tac\u00f3grafos - As melhores taxas e condi\u00e7\u00f5es de pagamento! Entre em contato conosco e solicite o seu or\u00e7amento: (51) 99970-2034","breadcrumb":{"@id":"https:\/\/ciadostacografos.com.br\/index.php\/servicos\/#breadcrumb"},"inLanguage":"pt-BR","potentialAction":[{"@type":"ReadAction","target":["https:\/\/ciadostacografos.com.br\/index.php\/servicos\/"]}]},{"@type":"BreadcrumbList","@id":"https:\/\/ciadostacografos.com.br\/index.php\/servicos\/#breadcrumb","itemListElement":[{"@type":"ListItem","position":1,"name":"In\u00edcio","item":"https:\/\/ciadostacografos.com.br\/"},{"@type":"ListItem","position":2,"name":"Servi\u00e7os"}]},{"@type":"WebSite","@id":"https:\/\/ciadostacografos.com.br\/#website","url":"https:\/\/ciadostacografos.com.br\/","name":"Cia dos Tac\u00f3grafos","description":"(51) 3041-5138 - (51) 99970-2034","publisher":{"@id":"https:\/\/ciadostacografos.com.br\/#organization"},"potentialAction":[{"@type":"SearchAction","target":{"@type":"EntryPoint","urlTemplate":"https:\/\/ciadostacografos.com.br\/?s={search_term_string}"},"query-input":"required name=search_term_string"}],"inLanguage":"pt-BR"},{"@type":"Organization","@id":"https:\/\/ciadostacografos.com.br\/#organization","name":"Cia dos Tac\u00f3grafos","url":"https:\/\/ciadostacografos.com.br\/","logo":{"@type":"ImageObject","inLanguage":"pt-BR","@id":"https:\/\/ciadostacografos.com.br\/#\/schema\/logo\/image\/","url":"https:\/\/ciadostacografos.com.br\/wp-content\/uploads\/2023\/02\/395950_6a7581b2c366420c9237700be4618651_mv2.webp","contentUrl":"https:\/\/ciadostacografos.com.br\/wp-content\/uploads\/2023\/02\/395950_6a7581b2c366420c9237700be4618651_mv2.webp","width":518,"height":108,"caption":"Cia dos Tac\u00f3grafos"},"image":{"@id":"https:\/\/ciadostacografos.com.br\/#\/schema\/logo\/image\/"},"sameAs":["https:\/\/www.facebook.com\/ciadostacografos\/","https:\/\/www.instagram.com\/ciadostacografos\/?hl=pt-br"]}]}},"_links":{"self":[{"href":"https:\/\/ciadostacografos.com.br\/index.php\/wp-json\/wp\/v2\/pages\/41","targetHints":{"allow":["GET"]}}],"collection":[{"href":"https:\/\/ciadostacografos.com.br\/index.php\/wp-json\/wp\/v2\/pages"}],"about":[{"href":"https:\/\/ciadostacografos.com.br\/index.php\/wp-json\/wp\/v2\/types\/page"}],"author":[{"embeddable":true,"href":"https:\/\/ciadostacografos.com.br\/index.php\/wp-json\/wp\/v2\/users\/1"}],"replies":[{"embeddable":true,"href":"https:\/\/ciadostacografos.com.br\/index.php\/wp-json\/wp\/v2\/comments?post=41"}],"version-history":[{"count":20,"href":"https:\/\/ciadostacografos.com.br\/index.php\/wp-json\/wp\/v2\/pages\/41\/revisions"}],"predecessor-version":[{"id":1131,"href":"https:\/\/ciadostacografos.com.br\/index.php\/wp-json\/wp\/v2\/pages\/41\/revisions\/1131"}],"wp:attachment":[{"href":"https:\/\/ciadostacografos.com.br\/index.php\/wp-json\/wp\/v2\/media?parent=41"}],"curies":[{"name":"wp","href":"https:\/\/api.w.org\/{rel}","templated":true}]}}