{"id":325,"date":"2016-12-09T09:37:19","date_gmt":"2016-12-09T09:37:19","guid":{"rendered":"https:\/\/ciadostacografos.com.br\/?page_id=325"},"modified":"2023-04-04T17:20:41","modified_gmt":"2023-04-04T17:20:41","slug":"quem-somos","status":"publish","type":"page","link":"https:\/\/ciadostacografos.com.br\/index.php\/quem-somos\/","title":{"rendered":"Quem Somos"},"content":{"rendered":"<section class=\"wpb-content-wrapper\"><div class=\"vc_row wpb_row vc_row-fluid\"><div class=\"wpb_column vc_column_container vc_col-sm-12 sc_layouts_column_icons_position_left\"><div class=\"vc_column-inner\"><div class=\"wpb_wrapper\"><div class=\"vc_empty_space  hide_on_mobile\"   style=\"height: 2.5em\"><span class=\"vc_empty_space_inner\"><\/span><\/div><\/div><\/div><\/div><\/div><div data-vc-full-width=\"true\" data-vc-full-width-init=\"false\" data-vc-stretch-content=\"true\" class=\"vc_row wpb_row vc_row-fluid vc_custom_1678458469454 vc_row-has-fill vc_row-no-padding\"><div class=\"wpb_column vc_column_container vc_col-sm-12 sc_layouts_column_icons_position_left\"><div class=\"vc_column-inner\"><div class=\"wpb_wrapper\"><div id=\"sc_content_29758296\"\r\n\t\tclass=\"sc_content sc_content_default sc_content_width_1_1\"><div class=\"sc_content_container\"><div class=\"vc_row wpb_row vc_inner vc_row-fluid\"><div class=\"wpb_column vc_column_container vc_col-sm-6 sc_layouts_column_icons_position_left\"><div class=\"vc_column-inner\"><div class=\"wpb_wrapper\"><div class=\"vc_empty_space  hide_on_mobile\"   style=\"height: 4em\"><span class=\"vc_empty_space_inner\"><\/span><\/div><h5 style=\"font-size: 23px;color: #d7d3cd;text-align: left\" class=\"vc_custom_heading vc_custom_1680618311170\" >quem somos<\/h5><div class=\"vc_empty_space\"   style=\"height: 0.35em\"><span class=\"vc_empty_space_inner\"><\/span><\/div><h1 style=\"color: #fb6a05;text-align: left\" class=\"vc_custom_heading vc_custom_1680618320261\" >Breve Hist\u00f3ria<\/h1><div class=\"vc_empty_space\"   style=\"height: 2.2em\"><span class=\"vc_empty_space_inner\"><\/span><\/div>\n\t<div class=\"wpb_text_column wpb_content_element \" >\n\t\t<div class=\"wpb_wrapper\">\n\t\t\t<p><span style=\"font-weight: 400;\">A Cia dos Tac\u00f3grafos iniciou suas atividades em 2010 como Posto Autorizado VDO e credenciado Inmetro apenas realizando regulariza\u00e7\u00e3o de Cronotac\u00f3grafos. <\/span><\/p>\n<p><span style=\"font-weight: 400;\">E, nos \u00faltimos anos a empresa investe em um projeto de inova\u00e7\u00e3o para gest\u00e3o de frota, realizando e testando novos servi\u00e7os e produtos do segmento de caminh\u00f5es, na qual atualmente trabalha com: tac\u00f3grafos, m\u00f3dulos de inje\u00e7\u00e3o eletr\u00f4nica (ECM), pain\u00e9is automotivos (instrumenta\u00e7\u00e3o), marca\u00e7\u00e3o de ve\u00edculos e instala\u00e7\u00e3o de equipamentos para gest\u00e3o de frota (como sistema de telemetria, rastreadores, sistema de pesagem por eixo e TPMS). <\/span><\/p>\n<p><span style=\"font-weight: 400;\">Al\u00e9m disso, realiza investimentos constantes em busca de atualiza\u00e7\u00f5es em inova\u00e7\u00e3o para solu\u00e7\u00f5es de problemas no segmento do transporte. Por isso, estamos sempre buscando novos produtos e cursos para a evolu\u00e7\u00e3o e aprimoramento da gest\u00e3o interna e atendimento dos nossos clientes.<\/span><\/p>\n\n\t\t<\/div>\n\t<\/div>\n<div class=\"vc_empty_space\"   style=\"height: 4.2em\"><span class=\"vc_empty_space_inner\"><\/span><\/div><\/div><\/div><\/div><div class=\"wpb_column vc_column_container vc_col-sm-6 sc_layouts_column_icons_position_left\"><div class=\"vc_column-inner vc_custom_1678458414466\"><div class=\"wpb_wrapper\"><div class=\"vc_empty_space\"   style=\"height: 3.85em\"><span class=\"vc_empty_space_inner\"><\/span><\/div>\n\t<div  class=\"wpb_single_image wpb_content_element vc_align_left\">\n\t\t\n\t\t<figure class=\"wpb_wrapper vc_figure\">\n\t\t\t<div class=\"vc_single_image-wrapper vc_box_rounded  vc_box_border_grey\"><img loading=\"lazy\" decoding=\"async\" width=\"2560\" height=\"1709\" src=\"https:\/\/ciadostacografos.com.br\/wp-content\/uploads\/2016\/12\/portrait-truck-driver-sitting-his-truck-holding-thumbs-up-1-scaled.jpg\" class=\"vc_single_image-img attachment-full\" alt=\"\" title=\"Portrait of truck driver sitting in his truck holding thumbs up.\" srcset=\"https:\/\/ciadostacografos.com.br\/wp-content\/uploads\/2016\/12\/portrait-truck-driver-sitting-his-truck-holding-thumbs-up-1-scaled.jpg 2560w, https:\/\/ciadostacografos.com.br\/wp-content\/uploads\/2016\/12\/portrait-truck-driver-sitting-his-truck-holding-thumbs-up-1-300x200.jpg 300w, https:\/\/ciadostacografos.com.br\/wp-content\/uploads\/2016\/12\/portrait-truck-driver-sitting-his-truck-holding-thumbs-up-1-1024x683.jpg 1024w, https:\/\/ciadostacografos.com.br\/wp-content\/uploads\/2016\/12\/portrait-truck-driver-sitting-his-truck-holding-thumbs-up-1-768x513.jpg 768w, https:\/\/ciadostacografos.com.br\/wp-content\/uploads\/2016\/12\/portrait-truck-driver-sitting-his-truck-holding-thumbs-up-1-1536x1025.jpg 1536w, https:\/\/ciadostacografos.com.br\/wp-content\/uploads\/2016\/12\/portrait-truck-driver-sitting-his-truck-holding-thumbs-up-1-2048x1367.jpg 2048w, https:\/\/ciadostacografos.com.br\/wp-content\/uploads\/2016\/12\/portrait-truck-driver-sitting-his-truck-holding-thumbs-up-1-370x247.jpg 370w, https:\/\/ciadostacografos.com.br\/wp-content\/uploads\/2016\/12\/portrait-truck-driver-sitting-his-truck-holding-thumbs-up-1-770x514.jpg 770w\" sizes=\"auto, (max-width: 2560px) 100vw, 2560px\" \/><\/div>\n\t\t<\/figure>\n\t<\/div>\n<div class=\"vc_empty_space\"   style=\"height: 1.85em\"><span class=\"vc_empty_space_inner\"><\/span><\/div><\/div><\/div><\/div><\/div><\/div><\/div><!-- \/.sc_content -->\n\t<div  class=\"wpb_single_image wpb_content_element vc_align_left\">\n\t\t\n\t\t<figure class=\"wpb_wrapper vc_figure\">\n\t\t\t<div class=\"vc_single_image-wrapper   vc_box_border_grey\"><img loading=\"lazy\" decoding=\"async\" width=\"2526\" height=\"418\" src=\"https:\/\/ciadostacografos.com.br\/wp-content\/uploads\/2023\/04\/infografico-banner.jpg\" class=\"vc_single_image-img attachment-full\" alt=\"\" title=\"infografico banner\" srcset=\"https:\/\/ciadostacografos.com.br\/wp-content\/uploads\/2023\/04\/infografico-banner.jpg 2526w, https:\/\/ciadostacografos.com.br\/wp-content\/uploads\/2023\/04\/infografico-banner-300x50.jpg 300w, https:\/\/ciadostacografos.com.br\/wp-content\/uploads\/2023\/04\/infografico-banner-1024x169.jpg 1024w, https:\/\/ciadostacografos.com.br\/wp-content\/uploads\/2023\/04\/infografico-banner-768x127.jpg 768w, https:\/\/ciadostacografos.com.br\/wp-content\/uploads\/2023\/04\/infografico-banner-1536x254.jpg 1536w, https:\/\/ciadostacografos.com.br\/wp-content\/uploads\/2023\/04\/infografico-banner-2048x339.jpg 2048w, https:\/\/ciadostacografos.com.br\/wp-content\/uploads\/2023\/04\/infografico-banner-18x3.jpg 18w, https:\/\/ciadostacografos.com.br\/wp-content\/uploads\/2023\/04\/infografico-banner-370x61.jpg 370w, https:\/\/ciadostacografos.com.br\/wp-content\/uploads\/2023\/04\/infografico-banner-770x127.jpg 770w\" sizes=\"auto, (max-width: 2526px) 100vw, 2526px\" \/><\/div>\n\t\t<\/figure>\n\t<\/div>\n<\/div><\/div><\/div><\/div><div class=\"vc_row-full-width vc_clearfix\"><\/div><div data-vc-full-width=\"true\" data-vc-full-width-init=\"false\" class=\"vc_row wpb_row vc_row-fluid vc_custom_1481103990627 vc_row-has-fill\"><div class=\"wpb_column vc_column_container vc_col-sm-12 sc_layouts_column_icons_position_left\"><div class=\"vc_column-inner\"><div class=\"wpb_wrapper\"><div class=\"vc_empty_space  hide_on_mobile\"   style=\"height: 2.35em\"><span class=\"vc_empty_space_inner\"><\/span><\/div><h2 style=\"text-align: center\" class=\"vc_custom_heading\" >Credenciais<\/h2><div class=\"vc_row wpb_row vc_inner vc_row-fluid\"><div class=\"wpb_column vc_column_container vc_col-sm-4 sc_layouts_column_icons_position_left\"><div class=\"vc_column-inner\"><div class=\"wpb_wrapper\">\n\t<div  class=\"wpb_single_image wpb_content_element vc_align_center\">\n\t\t\n\t\t<figure class=\"wpb_wrapper vc_figure\">\n\t\t\t<div class=\"vc_single_image-wrapper   vc_box_border_grey\"><img loading=\"lazy\" decoding=\"async\" width=\"209\" height=\"41\" src=\"https:\/\/ciadostacografos.com.br\/wp-content\/uploads\/2023\/03\/395950_44c60506e32b4b7ba22bab30530d2ed5_mv2.webp\" class=\"vc_single_image-img attachment-full\" alt=\"\" title=\"395950_44c60506e32b4b7ba22bab30530d2ed5_mv2\" srcset=\"https:\/\/ciadostacografos.com.br\/wp-content\/uploads\/2023\/03\/395950_44c60506e32b4b7ba22bab30530d2ed5_mv2.webp 209w, https:\/\/ciadostacografos.com.br\/wp-content\/uploads\/2023\/03\/395950_44c60506e32b4b7ba22bab30530d2ed5_mv2-18x4.webp 18w\" sizes=\"auto, (max-width: 209px) 100vw, 209px\" \/><\/div>\n\t\t<\/figure>\n\t<\/div>\n<\/div><\/div><\/div><div class=\"wpb_column vc_column_container vc_col-sm-4 sc_layouts_column_icons_position_left\"><div class=\"vc_column-inner\"><div class=\"wpb_wrapper\">\n\t<div  class=\"wpb_single_image wpb_content_element vc_align_center\">\n\t\t\n\t\t<figure class=\"wpb_wrapper vc_figure\">\n\t\t\t<div class=\"vc_single_image-wrapper   vc_box_border_grey\"><img loading=\"lazy\" decoding=\"async\" width=\"290\" height=\"77\" src=\"https:\/\/ciadostacografos.com.br\/wp-content\/uploads\/2023\/03\/395950_530e4a09175c4f498ca2c9489314265c_mv2.webp\" class=\"vc_single_image-img attachment-full\" alt=\"\" title=\"395950_530e4a09175c4f498ca2c9489314265c_mv2\" srcset=\"https:\/\/ciadostacografos.com.br\/wp-content\/uploads\/2023\/03\/395950_530e4a09175c4f498ca2c9489314265c_mv2.webp 290w, https:\/\/ciadostacografos.com.br\/wp-content\/uploads\/2023\/03\/395950_530e4a09175c4f498ca2c9489314265c_mv2-18x5.webp 18w\" sizes=\"auto, (max-width: 290px) 100vw, 290px\" \/><\/div>\n\t\t<\/figure>\n\t<\/div>\n<\/div><\/div><\/div><div class=\"wpb_column vc_column_container vc_col-sm-4 sc_layouts_column_icons_position_left\"><div class=\"vc_column-inner\"><div class=\"wpb_wrapper\">\n\t<div  class=\"wpb_single_image wpb_content_element vc_align_center\">\n\t\t\n\t\t<figure class=\"wpb_wrapper vc_figure\">\n\t\t\t<div class=\"vc_single_image-wrapper   vc_box_border_grey\"><img loading=\"lazy\" decoding=\"async\" width=\"170\" height=\"77\" src=\"https:\/\/ciadostacografos.com.br\/wp-content\/uploads\/2023\/03\/395950_d805b846807048ae9a13dce290920049_mv2.webp\" class=\"vc_single_image-img attachment-full\" alt=\"\" title=\"395950_d805b846807048ae9a13dce290920049_mv2\" srcset=\"https:\/\/ciadostacografos.com.br\/wp-content\/uploads\/2023\/03\/395950_d805b846807048ae9a13dce290920049_mv2.webp 170w, https:\/\/ciadostacografos.com.br\/wp-content\/uploads\/2023\/03\/395950_d805b846807048ae9a13dce290920049_mv2-18x8.webp 18w\" sizes=\"auto, (max-width: 170px) 100vw, 170px\" \/><\/div>\n\t\t<\/figure>\n\t<\/div>\n<\/div><\/div><\/div><\/div><div class=\"vc_row wpb_row vc_inner vc_row-fluid vc_custom_1680621367693\"><div class=\"wpb_column vc_column_container vc_col-sm-4 sc_layouts_column_icons_position_left\"><div class=\"vc_column-inner\"><div class=\"wpb_wrapper\">\n\t<div  class=\"wpb_single_image wpb_content_element vc_align_center\">\n\t\t\n\t\t<figure class=\"wpb_wrapper vc_figure\">\n\t\t\t<div class=\"vc_single_image-wrapper   vc_box_border_grey\"><img loading=\"lazy\" decoding=\"async\" width=\"150\" height=\"150\" src=\"https:\/\/ciadostacografos.com.br\/wp-content\/uploads\/2023\/04\/ticket-log-logo-PhotoRoom.png-PhotoRoom-150x150.png\" class=\"vc_single_image-img attachment-thumbnail\" alt=\"\" title=\"ticket-log-logo-PhotoRoom.png-PhotoRoom\" srcset=\"https:\/\/ciadostacografos.com.br\/wp-content\/uploads\/2023\/04\/ticket-log-logo-PhotoRoom.png-PhotoRoom-150x150.png 150w, https:\/\/ciadostacografos.com.br\/wp-content\/uploads\/2023\/04\/ticket-log-logo-PhotoRoom.png-PhotoRoom-300x300.png 300w, https:\/\/ciadostacografos.com.br\/wp-content\/uploads\/2023\/04\/ticket-log-logo-PhotoRoom.png-PhotoRoom-768x768.png 768w, https:\/\/ciadostacografos.com.br\/wp-content\/uploads\/2023\/04\/ticket-log-logo-PhotoRoom.png-PhotoRoom-12x12.png 12w, https:\/\/ciadostacografos.com.br\/wp-content\/uploads\/2023\/04\/ticket-log-logo-PhotoRoom.png-PhotoRoom-370x370.png 370w, https:\/\/ciadostacografos.com.br\/wp-content\/uploads\/2023\/04\/ticket-log-logo-PhotoRoom.png-PhotoRoom-90x90.png 90w, https:\/\/ciadostacografos.com.br\/wp-content\/uploads\/2023\/04\/ticket-log-logo-PhotoRoom.png-PhotoRoom-770x770.png 770w, https:\/\/ciadostacografos.com.br\/wp-content\/uploads\/2023\/04\/ticket-log-logo-PhotoRoom.png-PhotoRoom.png 900w\" sizes=\"auto, (max-width: 150px) 100vw, 150px\" \/><\/div>\n\t\t<\/figure>\n\t<\/div>\n<\/div><\/div><\/div><div class=\"wpb_column vc_column_container vc_col-sm-4 sc_layouts_column_icons_position_left\"><div class=\"vc_column-inner\"><div class=\"wpb_wrapper\">\n\t<div  class=\"wpb_single_image wpb_content_element vc_align_center\">\n\t\t\n\t\t<figure class=\"wpb_wrapper vc_figure\">\n\t\t\t<div class=\"vc_single_image-wrapper   vc_box_border_grey\"><img loading=\"lazy\" decoding=\"async\" width=\"300\" height=\"156\" src=\"https:\/\/ciadostacografos.com.br\/wp-content\/uploads\/2023\/04\/logo-SPCP-Boa-Vista-300x156.png\" class=\"vc_single_image-img attachment-medium\" alt=\"\" title=\"logo-SPCP-Boa-Vista\" srcset=\"https:\/\/ciadostacografos.com.br\/wp-content\/uploads\/2023\/04\/logo-SPCP-Boa-Vista-300x156.png 300w, https:\/\/ciadostacografos.com.br\/wp-content\/uploads\/2023\/04\/logo-SPCP-Boa-Vista-18x9.png 18w, https:\/\/ciadostacografos.com.br\/wp-content\/uploads\/2023\/04\/logo-SPCP-Boa-Vista-370x193.png 370w, https:\/\/ciadostacografos.com.br\/wp-content\/uploads\/2023\/04\/logo-SPCP-Boa-Vista.png 516w\" sizes=\"auto, (max-width: 300px) 100vw, 300px\" \/><\/div>\n\t\t<\/figure>\n\t<\/div>\n<\/div><\/div><\/div><div class=\"wpb_column vc_column_container vc_col-sm-4 sc_layouts_column_icons_position_left\"><div class=\"vc_column-inner\"><div class=\"wpb_wrapper\">\n\t<div  class=\"wpb_single_image wpb_content_element vc_align_center\">\n\t\t\n\t\t<figure class=\"wpb_wrapper vc_figure\">\n\t\t\t<div class=\"vc_single_image-wrapper   vc_box_border_grey\"><img loading=\"lazy\" decoding=\"async\" width=\"300\" height=\"233\" src=\"https:\/\/ciadostacografos.com.br\/wp-content\/uploads\/2023\/04\/logo-5S-300x233.png\" class=\"vc_single_image-img attachment-medium\" alt=\"\" title=\"logo 5S\" srcset=\"https:\/\/ciadostacografos.com.br\/wp-content\/uploads\/2023\/04\/logo-5S-300x233.png 300w, https:\/\/ciadostacografos.com.br\/wp-content\/uploads\/2023\/04\/logo-5S-15x12.png 15w, https:\/\/ciadostacografos.com.br\/wp-content\/uploads\/2023\/04\/logo-5S-370x287.png 370w, https:\/\/ciadostacografos.com.br\/wp-content\/uploads\/2023\/04\/logo-5S-90x70.png 90w, https:\/\/ciadostacografos.com.br\/wp-content\/uploads\/2023\/04\/logo-5S.png 726w\" sizes=\"auto, (max-width: 300px) 100vw, 300px\" \/><\/div>\n\t\t<\/figure>\n\t<\/div>\n<\/div><\/div><\/div><\/div><div class=\"vc_empty_space  hide_on_mobile\"   style=\"height: 5.35em\"><span class=\"vc_empty_space_inner\"><\/span><\/div><\/div><\/div><\/div><\/div><div class=\"vc_row-full-width vc_clearfix\"><\/div><div class=\"vc_row wpb_row vc_row-fluid\"><div class=\"wpb_column vc_column_container vc_col-sm-12 sc_layouts_column_icons_position_left\"><div class=\"vc_column-inner\"><div class=\"wpb_wrapper\"><h2 style=\"text-align: center\" class=\"vc_custom_heading\" >Motivos para nos escolher:<\/h2>\n\t<div class=\"wpb_text_column wpb_content_element \" >\n\t\t<div class=\"wpb_wrapper\">\n\t\t\t<ol>\n<li><strong>Qualidade T\u00e9cnica<\/strong><br \/>\nT\u00e9cnicos bem capacitados com cursos anuais;<\/li>\n<li><strong>Garantia<\/strong><br \/>\nDamos garantia do Ensaio Metrol\u00f3gico mediante servi\u00e7os de ajuste da calibra\u00e7\u00e3o;<\/li>\n<li><strong>Transpar\u00eancia<\/strong><br \/>\nQuando h\u00e1 alto valor de manuten\u00e7\u00e3o apresenta-se duas op\u00e7\u00f5es de or\u00e7amentos para voc\u00ea decidir o que \u00e9 melhor para seu bolso e seu veiculo;<\/li>\n<li><strong>N\u00e3o precisa de agendamento<\/strong><br \/>\nBasta chegar que abrimos a sua Ordem de Servi\u00e7o para atendimento;<\/li>\n<li><strong>Sistema Smart Crono<\/strong><br \/>\nUsamos o melhor sistema para gest\u00e3o para postos de tac\u00f3grafos, mantendo seu hist\u00f3rico de visitas e tamb\u00e9m, com alertas por e-mail sobre o vencimento do certificado do cronotac\u00f3grafo.<\/li>\n<\/ol>\n\n\t\t<\/div>\n\t<\/div>\n<\/div><\/div><\/div><\/div><div class=\"vc_row wpb_row vc_row-fluid\"><div class=\"wpb_column vc_column_container vc_col-sm-12 sc_layouts_column_icons_position_left\"><div class=\"vc_column-inner\"><div class=\"wpb_wrapper\"><div class=\"vc_empty_space\"   style=\"height: 2.2em\"><span class=\"vc_empty_space_inner\"><\/span><\/div><div class=\"vc_empty_space  hide_on_mobile\"   style=\"height: 6em\"><span class=\"vc_empty_space_inner\"><\/span><\/div><\/div><\/div><\/div><\/div>\n<\/section>","protected":false},"excerpt":{"rendered":"quem somosBreve Hist\u00f3ria A Cia dos Tac\u00f3grafos iniciou suas atividades em 2010 como Posto Autorizado VDO e credenciado Inmetro apenas realizando regulariza\u00e7\u00e3o de Cronotac\u00f3grafos. E, nos \u00faltimos anos a empresa investe em um projeto de inova\u00e7\u00e3o para gest\u00e3o de frota,&hellip;","protected":false},"author":1,"featured_media":0,"parent":0,"menu_order":0,"comment_status":"closed","ping_status":"closed","template":"","meta":{"footnotes":""},"class_list":["post-325","page","type-page","status-publish","hentry"],"yoast_head":"<!-- This site is optimized with the Yoast SEO plugin v23.2 - https:\/\/yoast.com\/wordpress\/plugins\/seo\/ -->\n<title>Quem Somos - Cia dos Tac\u00f3grafos<\/title>\n<meta name=\"description\" content=\"Cia dos Tac\u00f3grafos - As melhores taxas e condi\u00e7\u00f5es de pagamento! Entre em contato conosco e solicite o seu or\u00e7amento: (51) 99970-2034\" \/>\n<meta name=\"robots\" content=\"index, follow, max-snippet:-1, max-image-preview:large, max-video-preview:-1\" \/>\n<link rel=\"canonical\" href=\"https:\/\/ciadostacografos.com.br\/index.php\/quem-somos\/\" \/>\n<meta property=\"og:locale\" content=\"pt_BR\" \/>\n<meta property=\"og:type\" content=\"article\" \/>\n<meta property=\"og:title\" content=\"Quem Somos - Cia dos Tac\u00f3grafos\" \/>\n<meta property=\"og:description\" content=\"Cia dos Tac\u00f3grafos - As melhores taxas e condi\u00e7\u00f5es de pagamento! Entre em contato conosco e solicite o seu or\u00e7amento: (51) 99970-2034\" \/>\n<meta property=\"og:url\" content=\"https:\/\/ciadostacografos.com.br\/index.php\/quem-somos\/\" \/>\n<meta property=\"og:site_name\" content=\"Cia dos Tac\u00f3grafos\" \/>\n<meta property=\"article:publisher\" content=\"https:\/\/www.facebook.com\/ciadostacografos\/\" \/>\n<meta property=\"article:modified_time\" content=\"2023-04-04T17:20:41+00:00\" \/>\n<meta name=\"twitter:card\" content=\"summary_large_image\" \/>\n<meta name=\"twitter:label1\" content=\"Est. tempo de leitura\" \/>\n\t<meta name=\"twitter:data1\" content=\"3 minutos\" \/>\n<script type=\"application\/ld+json\" class=\"yoast-schema-graph\">{\"@context\":\"https:\/\/schema.org\",\"@graph\":[{\"@type\":\"WebPage\",\"@id\":\"https:\/\/ciadostacografos.com.br\/index.php\/quem-somos\/\",\"url\":\"https:\/\/ciadostacografos.com.br\/index.php\/quem-somos\/\",\"name\":\"Quem Somos - Cia dos Tac\u00f3grafos\",\"isPartOf\":{\"@id\":\"https:\/\/ciadostacografos.com.br\/#website\"},\"datePublished\":\"2016-12-09T09:37:19+00:00\",\"dateModified\":\"2023-04-04T17:20:41+00:00\",\"description\":\"Cia dos Tac\u00f3grafos - As melhores taxas e condi\u00e7\u00f5es de pagamento! Entre em contato conosco e solicite o seu or\u00e7amento: (51) 99970-2034\",\"breadcrumb\":{\"@id\":\"https:\/\/ciadostacografos.com.br\/index.php\/quem-somos\/#breadcrumb\"},\"inLanguage\":\"pt-BR\",\"potentialAction\":[{\"@type\":\"ReadAction\",\"target\":[\"https:\/\/ciadostacografos.com.br\/index.php\/quem-somos\/\"]}]},{\"@type\":\"BreadcrumbList\",\"@id\":\"https:\/\/ciadostacografos.com.br\/index.php\/quem-somos\/#breadcrumb\",\"itemListElement\":[{\"@type\":\"ListItem\",\"position\":1,\"name\":\"In\u00edcio\",\"item\":\"https:\/\/ciadostacografos.com.br\/\"},{\"@type\":\"ListItem\",\"position\":2,\"name\":\"Quem Somos\"}]},{\"@type\":\"WebSite\",\"@id\":\"https:\/\/ciadostacografos.com.br\/#website\",\"url\":\"https:\/\/ciadostacografos.com.br\/\",\"name\":\"Cia dos Tac\u00f3grafos\",\"description\":\"(51) 3041-5138 - (51) 99970-2034\",\"publisher\":{\"@id\":\"https:\/\/ciadostacografos.com.br\/#organization\"},\"potentialAction\":[{\"@type\":\"SearchAction\",\"target\":{\"@type\":\"EntryPoint\",\"urlTemplate\":\"https:\/\/ciadostacografos.com.br\/?s={search_term_string}\"},\"query-input\":\"required name=search_term_string\"}],\"inLanguage\":\"pt-BR\"},{\"@type\":\"Organization\",\"@id\":\"https:\/\/ciadostacografos.com.br\/#organization\",\"name\":\"Cia dos Tac\u00f3grafos\",\"url\":\"https:\/\/ciadostacografos.com.br\/\",\"logo\":{\"@type\":\"ImageObject\",\"inLanguage\":\"pt-BR\",\"@id\":\"https:\/\/ciadostacografos.com.br\/#\/schema\/logo\/image\/\",\"url\":\"https:\/\/ciadostacografos.com.br\/wp-content\/uploads\/2023\/02\/395950_6a7581b2c366420c9237700be4618651_mv2.webp\",\"contentUrl\":\"https:\/\/ciadostacografos.com.br\/wp-content\/uploads\/2023\/02\/395950_6a7581b2c366420c9237700be4618651_mv2.webp\",\"width\":518,\"height\":108,\"caption\":\"Cia dos Tac\u00f3grafos\"},\"image\":{\"@id\":\"https:\/\/ciadostacografos.com.br\/#\/schema\/logo\/image\/\"},\"sameAs\":[\"https:\/\/www.facebook.com\/ciadostacografos\/\",\"https:\/\/www.instagram.com\/ciadostacografos\/?hl=pt-br\"]}]}<\/script>\n<!-- \/ Yoast SEO plugin. -->","yoast_head_json":{"title":"Quem Somos - Cia dos Tac\u00f3grafos","description":"Cia dos Tac\u00f3grafos - As melhores taxas e condi\u00e7\u00f5es de pagamento! Entre em contato conosco e solicite o seu or\u00e7amento: (51) 99970-2034","robots":{"index":"index","follow":"follow","max-snippet":"max-snippet:-1","max-image-preview":"max-image-preview:large","max-video-preview":"max-video-preview:-1"},"canonical":"https:\/\/ciadostacografos.com.br\/index.php\/quem-somos\/","og_locale":"pt_BR","og_type":"article","og_title":"Quem Somos - Cia dos Tac\u00f3grafos","og_description":"Cia dos Tac\u00f3grafos - As melhores taxas e condi\u00e7\u00f5es de pagamento! Entre em contato conosco e solicite o seu or\u00e7amento: (51) 99970-2034","og_url":"https:\/\/ciadostacografos.com.br\/index.php\/quem-somos\/","og_site_name":"Cia dos Tac\u00f3grafos","article_publisher":"https:\/\/www.facebook.com\/ciadostacografos\/","article_modified_time":"2023-04-04T17:20:41+00:00","twitter_card":"summary_large_image","twitter_misc":{"Est. tempo de leitura":"3 minutos"},"schema":{"@context":"https:\/\/schema.org","@graph":[{"@type":"WebPage","@id":"https:\/\/ciadostacografos.com.br\/index.php\/quem-somos\/","url":"https:\/\/ciadostacografos.com.br\/index.php\/quem-somos\/","name":"Quem Somos - Cia dos Tac\u00f3grafos","isPartOf":{"@id":"https:\/\/ciadostacografos.com.br\/#website"},"datePublished":"2016-12-09T09:37:19+00:00","dateModified":"2023-04-04T17:20:41+00:00","description":"Cia dos Tac\u00f3grafos - As melhores taxas e condi\u00e7\u00f5es de pagamento! Entre em contato conosco e solicite o seu or\u00e7amento: (51) 99970-2034","breadcrumb":{"@id":"https:\/\/ciadostacografos.com.br\/index.php\/quem-somos\/#breadcrumb"},"inLanguage":"pt-BR","potentialAction":[{"@type":"ReadAction","target":["https:\/\/ciadostacografos.com.br\/index.php\/quem-somos\/"]}]},{"@type":"BreadcrumbList","@id":"https:\/\/ciadostacografos.com.br\/index.php\/quem-somos\/#breadcrumb","itemListElement":[{"@type":"ListItem","position":1,"name":"In\u00edcio","item":"https:\/\/ciadostacografos.com.br\/"},{"@type":"ListItem","position":2,"name":"Quem Somos"}]},{"@type":"WebSite","@id":"https:\/\/ciadostacografos.com.br\/#website","url":"https:\/\/ciadostacografos.com.br\/","name":"Cia dos Tac\u00f3grafos","description":"(51) 3041-5138 - (51) 99970-2034","publisher":{"@id":"https:\/\/ciadostacografos.com.br\/#organization"},"potentialAction":[{"@type":"SearchAction","target":{"@type":"EntryPoint","urlTemplate":"https:\/\/ciadostacografos.com.br\/?s={search_term_string}"},"query-input":"required name=search_term_string"}],"inLanguage":"pt-BR"},{"@type":"Organization","@id":"https:\/\/ciadostacografos.com.br\/#organization","name":"Cia dos Tac\u00f3grafos","url":"https:\/\/ciadostacografos.com.br\/","logo":{"@type":"ImageObject","inLanguage":"pt-BR","@id":"https:\/\/ciadostacografos.com.br\/#\/schema\/logo\/image\/","url":"https:\/\/ciadostacografos.com.br\/wp-content\/uploads\/2023\/02\/395950_6a7581b2c366420c9237700be4618651_mv2.webp","contentUrl":"https:\/\/ciadostacografos.com.br\/wp-content\/uploads\/2023\/02\/395950_6a7581b2c366420c9237700be4618651_mv2.webp","width":518,"height":108,"caption":"Cia dos Tac\u00f3grafos"},"image":{"@id":"https:\/\/ciadostacografos.com.br\/#\/schema\/logo\/image\/"},"sameAs":["https:\/\/www.facebook.com\/ciadostacografos\/","https:\/\/www.instagram.com\/ciadostacografos\/?hl=pt-br"]}]}},"_links":{"self":[{"href":"https:\/\/ciadostacografos.com.br\/index.php\/wp-json\/wp\/v2\/pages\/325","targetHints":{"allow":["GET"]}}],"collection":[{"href":"https:\/\/ciadostacografos.com.br\/index.php\/wp-json\/wp\/v2\/pages"}],"about":[{"href":"https:\/\/ciadostacografos.com.br\/index.php\/wp-json\/wp\/v2\/types\/page"}],"author":[{"embeddable":true,"href":"https:\/\/ciadostacografos.com.br\/index.php\/wp-json\/wp\/v2\/users\/1"}],"replies":[{"embeddable":true,"href":"https:\/\/ciadostacografos.com.br\/index.php\/wp-json\/wp\/v2\/comments?post=325"}],"version-history":[{"count":35,"href":"https:\/\/ciadostacografos.com.br\/index.php\/wp-json\/wp\/v2\/pages\/325\/revisions"}],"predecessor-version":[{"id":1127,"href":"https:\/\/ciadostacografos.com.br\/index.php\/wp-json\/wp\/v2\/pages\/325\/revisions\/1127"}],"wp:attachment":[{"href":"https:\/\/ciadostacografos.com.br\/index.php\/wp-json\/wp\/v2\/media?parent=325"}],"curies":[{"name":"wp","href":"https:\/\/api.w.org\/{rel}","templated":true}]}}